{"id":2059,"date":"2017-06-24T09:57:28","date_gmt":"2017-06-24T09:57:28","guid":{"rendered":"http:\/\/vvfoodservice.staging.wpengine.com?page_id=2059"},"modified":"2017-09-29T06:48:20","modified_gmt":"2017-09-29T06:48:20","slug":"quien-nosotros-servimos","status":"publish","type":"page","link":"https:\/\/www.vvsupremo.com\/foodservice\/quien-nosotros-servimos\/","title":{"rendered":"QUIEN NOSOTROS SERVIMOS"},"content":{"rendered":"<h1>A qui\u00e9n servimos<\/h1>\n<h4>Distributors:<\/h4>\n<p>V &amp; V Supremo tiene m\u00e1s de 50 a\u00f1os de experiencia para ayudarle a navegar nuestra l\u00ednea de productos premium. Ofrecemos apoyo nacional de una fuerza de ventas directa, nuestro equipo de chef, y los corredores de servicio de alimentos.<\/p>\n<h4>Organizaciones de Compras de Grupo<\/h4>\n<p>Ofrecemos una l\u00ednea de productos mexicano verdaderamente aut\u00e9ntica y de alta calidad para sus clientes. Tenemos una fuerza de ventas bien experimentada y un equipo culinario de Chef disponible para capacitaci\u00f3n sobre c\u00f3mo vender a clientes hispanos y de mercado general.<\/p>\n<h4>Restaurantes y Bares<\/h4>\n<h5>Mexicano<\/h5>\n<p>Somos una empresa familiar de propiedad mexicana con ra\u00edces de Michoac\u00e1n, M\u00e9xico Los productos est\u00e1n llenos de tradici\u00f3n y son esenciales para la mejor representaci\u00f3n culinaria de la vasta y variada cocina de clase mundial de M\u00e9xico. Traemos memorias duraderas de la comida a sus tablas.<\/p>\n<h5>Internacional<\/h5>\n<p>Ofrecemos una l\u00ednea de productos de alta calidad que tiene la versatilidad para deleitar a los clientes a trav\u00e9s de diversas cocinas \u00e9tnicas. Si la necesidad es para el queso fresco, que se derrite, o de la rejilla, la crema amarga, la salchicha fresca picante, o los productos del ma\u00edz, aseguramos la calidad de la mejor-en-clase.<\/p>\n<h5>Pizza<\/h5>\n<p>Nuestros quesos Chihuahua, Oaxaca y Cotija son particularmente adecuados para aplicaciones de Pizza especial. Combine estos productos de clase mundial para su perfil de sabor \u00fanico y transformar el pastel de mozzarella b\u00e1sico a un elemento de valor a\u00f1adido de la firma.<\/p>\n<h5>Cadenas nacionales<\/h5>\n<p>Proporcionamos queso fresco de l\u00e1cteos para hacer brillar las ensaladas; ricos, lujoso queso de fusi\u00f3n para indulgente aperitivos y entrantes, y queso perfectamente envejecido para un acento audaz en todos los elementos del men\u00fa. Nuestra calidad y consistencia es insuperable.<\/p>\n<h5>C-Stores<\/h5>\n<p>Proporcionamos ingredientes mexicanos aut\u00e9nticos de alta calidad y valor a\u00f1adido que complementar\u00e1n y ampliar\u00e1n cualquier programa existente de grab n go.<\/p>\n<h5>Colegio\/Universitario<\/h5>\n<p>Nuestros productos de queso son naturales, sin procesar, sin gluten, y sin hormona de crecimiento. Adem\u00e1s, no usamos ingredientes artificiales o aditivos de sabor. Nuestros sopes y huarachas est\u00e1n hechos con ma\u00edz de grano entero. Somos una empresa familiar de tres generaciones unida a granjas familiares.<\/p>\n<h5>\u00a0K-12<\/h5>\n<p>Alimentos l\u00e1cteos naturales, no procesados, de la leche de grado A, leche de origen del Medio Oeste. Libre de, hormonas del crecimiento, y gluten. Productos de ma\u00edz de grano entero.<\/p>\n<h5>Cuidado de la salud<\/h5>\n<p>Proporcionamos la etiqueta limpia, los alimentos verdaderos del grado A, leche entera. Sabores suaves, limpios y ricos en productos l\u00e1cteos con un atractivo popular.<\/p>\n<h5>Hotel y Hospitalidad<\/h5>\n<p>L\u00ednea de productos de calidad superior que es f\u00e1cil de trabajar. La cocina hispana es una gran influencia en los men\u00fas de todo el pa\u00eds.<\/p>\n<h5>Militar<\/h5>\n<p>Todos los productos elaborados en los Estados Unidos para el servicio hispano, un sabor de casa. Para todos los dem\u00e1s, simplemente grandes sabores. Etiqueta limpia y productos naturales no procesados.<\/p>\n<h5>Cami\u00f3n de comida<\/h5>\n<p>Esencial para los conceptos hispanos o influenciados por los hispanos. Consistente y vers\u00e1til, estos son productos de alta calidad que multitarea en los elementos del men\u00fa.<\/p>\n<h5>Abastecimiento<\/h5>\n<p>Productos con excelente textura y sabor que multi-tarea para sus men\u00fas. Esencial para los art\u00edculos de influencia hispana, superlativo para el derretimiento, las aplicaciones de queso fresco y envejecido.<\/p>\n<h5>Panader\u00edas<\/h5>\n<p>Queso fresco, derretido y envejecido para productos horneados especiales como gougeres, pan de bono y pan de queso. Nuestro crema puede reemplazar crema agria, suero de leche o yogur. Hacer bollos, galletas, cornbread y muffins \u00fanico.<\/p>\n<h5>Servicio alimenticio al por menor<\/h5>\n<p>Quesos frescos y envejecidos ricos en productos l\u00e1cteos para ensaladas. De alta calidad de quesos y chorizo \u200b\u200bpara mejorar los elementos de tabla de vapor. Crema para sopas, ali\u00f1os y salsas. De alta calidad y sabor con versatilidad.<\/p>\n<h5>Fabricantes<\/h5>\n<p>Una l\u00ednea de productos de primera categor\u00eda para una gran cantidad de aplicaciones industriales, desde aperitivos hasta sopas, ensaladas y entrantes. Opci\u00f3n de alta calidad para aplicaciones de queso fresco, fundido y envejecido. Aut\u00e9ntico chorizo \u200b\u200bmexicano y verdadera crema para art\u00edculos \u00fanicos y exclusivos.<\/p>\n<h5>SQF (Instituto de Alimentos de Calidad Segura)<\/h5>\n<p>V &amp; V Supremo tiene un alto control de calidad, siempre ha superado los est\u00e1ndares de la industria, y las auditor\u00edas regulares de SQF en todas nuestras ubicaciones reflejan nuestro compromiso con alimentos seguros de calidad. Estamos orgullosos de decir que nunca hemos tenido un retiro.<\/p>\n<p>El instituto SQF es reconocido en todo el mundo por los minoristas y los proveedores de servicios de alimentos que requieren un sistema de gesti\u00f3n riguroso, cre\u00edble y consistente de la seguridad alimentaria.<\/p>\n<h5>Misi\u00f3n del Instituto SQF:<\/h5>\n<p>Proporcionar programas de certificaci\u00f3n de calidad e inocuidad de alimentos consistentes y reconocidos a nivel mundial basados \u200b\u200ben principios cient\u00edficos s\u00f3lidos, aplicados de manera consistente en todos los sectores de la industria y valorados por todas las partes interesadas.<\/p>\n<h5>Visi\u00f3n de SQF:<\/h5>\n<p>Ser la fuente m\u00e1s confiable para la certificaci\u00f3n global de inocuidad y calidad de los alimentos.<\/p>\n<p>Merieux NutriSciences (anteriormente Silliker) es el organismo de certificaci\u00f3n de todas nuestras auditor\u00edas SQF.<\/p>\n","protected":false},"excerpt":{"rendered":"<p>A qui\u00e9n servimos Distributors: V &amp; V Supremo tiene m\u00e1s de 50 a\u00f1os de experiencia para ayudarle a navegar nuestra l\u00ednea de productos premium. Ofrecemos apoyo nacional de una fuerza de ventas directa, nuestro equipo de chef, y los corredores&#8230;<\/p>\n","protected":false},"author":6,"featured_media":0,"parent":0,"menu_order":0,"comment_status":"closed","ping_status":"closed","template":"","meta":{"_acf_changed":false,"footnotes":""},"class_list":["post-2059","page","type-page","status-publish","hentry"],"acf":[],"yoast_head":"<!-- This site is optimized with the Yoast SEO plugin v27.2 - https:\/\/yoast.com\/product\/yoast-seo-wordpress\/ -->\n<title>QUIEN NOSOTROS SERVIMOS - V&amp;V Supremo\u00ae Food Service<\/title>\n<meta name=\"robots\" content=\"index, follow, max-snippet:-1, max-image-preview:large, max-video-preview:-1\" \/>\n<link rel=\"canonical\" href=\"https:\/\/www.vvsupremo.com\/foodservice\/quien-nosotros-servimos\/\" \/>\n<meta property=\"og:locale\" content=\"en_US\" \/>\n<meta property=\"og:type\" content=\"article\" \/>\n<meta property=\"og:title\" content=\"QUIEN NOSOTROS SERVIMOS - V&amp;V Supremo\u00ae Food Service\" \/>\n<meta property=\"og:description\" content=\"A qui\u00e9n servimos Distributors: V &amp; V Supremo tiene m\u00e1s de 50 a\u00f1os de experiencia para ayudarle a navegar nuestra l\u00ednea de productos premium. Ofrecemos apoyo nacional de una fuerza de ventas directa, nuestro equipo de chef, y los corredores...\" \/>\n<meta property=\"og:url\" content=\"https:\/\/www.vvsupremo.com\/foodservice\/quien-nosotros-servimos\/\" \/>\n<meta property=\"og:site_name\" content=\"V&amp;V Supremo\u00ae Food Service\" \/>\n<meta property=\"article:modified_time\" content=\"2017-09-29T06:48:20+00:00\" \/>\n<meta name=\"twitter:card\" content=\"summary_large_image\" \/>\n<meta name=\"twitter:label1\" content=\"Est. reading time\" \/>\n\t<meta name=\"twitter:data1\" content=\"4 minutes\" \/>\n<script type=\"application\/ld+json\" class=\"yoast-schema-graph\">{\"@context\":\"https:\/\/schema.org\",\"@graph\":[{\"@type\":\"WebPage\",\"@id\":\"https:\/\/www.vvsupremo.com\/foodservice\/quien-nosotros-servimos\/\",\"url\":\"https:\/\/www.vvsupremo.com\/foodservice\/quien-nosotros-servimos\/\",\"name\":\"QUIEN NOSOTROS SERVIMOS - V&amp;V Supremo\u00ae Food Service\",\"isPartOf\":{\"@id\":\"https:\/\/www.vvsupremo.com\/foodservice\/#website\"},\"datePublished\":\"2017-06-24T09:57:28+00:00\",\"dateModified\":\"2017-09-29T06:48:20+00:00\",\"breadcrumb\":{\"@id\":\"https:\/\/www.vvsupremo.com\/foodservice\/quien-nosotros-servimos\/#breadcrumb\"},\"inLanguage\":\"en-US\",\"potentialAction\":[{\"@type\":\"ReadAction\",\"target\":[\"https:\/\/www.vvsupremo.com\/foodservice\/quien-nosotros-servimos\/\"]}]},{\"@type\":\"BreadcrumbList\",\"@id\":\"https:\/\/www.vvsupremo.com\/foodservice\/quien-nosotros-servimos\/#breadcrumb\",\"itemListElement\":[{\"@type\":\"ListItem\",\"position\":1,\"name\":\"Home\",\"item\":\"https:\/\/www.vvsupremo.com\/foodservice\/\"},{\"@type\":\"ListItem\",\"position\":2,\"name\":\"QUIEN NOSOTROS SERVIMOS\"}]},{\"@type\":\"WebSite\",\"@id\":\"https:\/\/www.vvsupremo.com\/foodservice\/#website\",\"url\":\"https:\/\/www.vvsupremo.com\/foodservice\/\",\"name\":\"V&amp;V Supremo\u00ae Food Service\",\"description\":\"Quality, authenticity, consistency, and full flavor define our food service product line.\",\"publisher\":{\"@id\":\"https:\/\/www.vvsupremo.com\/foodservice\/#organization\"},\"potentialAction\":[{\"@type\":\"SearchAction\",\"target\":{\"@type\":\"EntryPoint\",\"urlTemplate\":\"https:\/\/www.vvsupremo.com\/foodservice\/?s={search_term_string}\"},\"query-input\":{\"@type\":\"PropertyValueSpecification\",\"valueRequired\":true,\"valueName\":\"search_term_string\"}}],\"inLanguage\":\"en-US\"},{\"@type\":\"Organization\",\"@id\":\"https:\/\/www.vvsupremo.com\/foodservice\/#organization\",\"name\":\"VVSupremo Food Service\",\"url\":\"https:\/\/www.vvsupremo.com\/foodservice\/\",\"logo\":{\"@type\":\"ImageObject\",\"inLanguage\":\"en-US\",\"@id\":\"https:\/\/www.vvsupremo.com\/foodservice\/#\/schema\/logo\/image\/\",\"url\":\"https:\/\/www.vvsupremo.com\/foodservice\/wp-content\/uploads\/2013\/11\/footer-logo.png\",\"contentUrl\":\"https:\/\/www.vvsupremo.com\/foodservice\/wp-content\/uploads\/2013\/11\/footer-logo.png\",\"width\":195,\"height\":133,\"caption\":\"VVSupremo Food Service\"},\"image\":{\"@id\":\"https:\/\/www.vvsupremo.com\/foodservice\/#\/schema\/logo\/image\/\"}}]}<\/script>\n<!-- \/ Yoast SEO plugin. -->","yoast_head_json":{"title":"QUIEN NOSOTROS SERVIMOS - V&amp;V Supremo\u00ae Food Service","robots":{"index":"index","follow":"follow","max-snippet":"max-snippet:-1","max-image-preview":"max-image-preview:large","max-video-preview":"max-video-preview:-1"},"canonical":"https:\/\/www.vvsupremo.com\/foodservice\/quien-nosotros-servimos\/","og_locale":"en_US","og_type":"article","og_title":"QUIEN NOSOTROS SERVIMOS - V&amp;V Supremo\u00ae Food Service","og_description":"A qui\u00e9n servimos Distributors: V &amp; V Supremo tiene m\u00e1s de 50 a\u00f1os de experiencia para ayudarle a navegar nuestra l\u00ednea de productos premium. Ofrecemos apoyo nacional de una fuerza de ventas directa, nuestro equipo de chef, y los corredores...","og_url":"https:\/\/www.vvsupremo.com\/foodservice\/quien-nosotros-servimos\/","og_site_name":"V&amp;V Supremo\u00ae Food Service","article_modified_time":"2017-09-29T06:48:20+00:00","twitter_card":"summary_large_image","twitter_misc":{"Est. reading time":"4 minutes"},"schema":{"@context":"https:\/\/schema.org","@graph":[{"@type":"WebPage","@id":"https:\/\/www.vvsupremo.com\/foodservice\/quien-nosotros-servimos\/","url":"https:\/\/www.vvsupremo.com\/foodservice\/quien-nosotros-servimos\/","name":"QUIEN NOSOTROS SERVIMOS - V&amp;V Supremo\u00ae Food Service","isPartOf":{"@id":"https:\/\/www.vvsupremo.com\/foodservice\/#website"},"datePublished":"2017-06-24T09:57:28+00:00","dateModified":"2017-09-29T06:48:20+00:00","breadcrumb":{"@id":"https:\/\/www.vvsupremo.com\/foodservice\/quien-nosotros-servimos\/#breadcrumb"},"inLanguage":"en-US","potentialAction":[{"@type":"ReadAction","target":["https:\/\/www.vvsupremo.com\/foodservice\/quien-nosotros-servimos\/"]}]},{"@type":"BreadcrumbList","@id":"https:\/\/www.vvsupremo.com\/foodservice\/quien-nosotros-servimos\/#breadcrumb","itemListElement":[{"@type":"ListItem","position":1,"name":"Home","item":"https:\/\/www.vvsupremo.com\/foodservice\/"},{"@type":"ListItem","position":2,"name":"QUIEN NOSOTROS SERVIMOS"}]},{"@type":"WebSite","@id":"https:\/\/www.vvsupremo.com\/foodservice\/#website","url":"https:\/\/www.vvsupremo.com\/foodservice\/","name":"V&amp;V Supremo\u00ae Food Service","description":"Quality, authenticity, consistency, and full flavor define our food service product line.","publisher":{"@id":"https:\/\/www.vvsupremo.com\/foodservice\/#organization"},"potentialAction":[{"@type":"SearchAction","target":{"@type":"EntryPoint","urlTemplate":"https:\/\/www.vvsupremo.com\/foodservice\/?s={search_term_string}"},"query-input":{"@type":"PropertyValueSpecification","valueRequired":true,"valueName":"search_term_string"}}],"inLanguage":"en-US"},{"@type":"Organization","@id":"https:\/\/www.vvsupremo.com\/foodservice\/#organization","name":"VVSupremo Food Service","url":"https:\/\/www.vvsupremo.com\/foodservice\/","logo":{"@type":"ImageObject","inLanguage":"en-US","@id":"https:\/\/www.vvsupremo.com\/foodservice\/#\/schema\/logo\/image\/","url":"https:\/\/www.vvsupremo.com\/foodservice\/wp-content\/uploads\/2013\/11\/footer-logo.png","contentUrl":"https:\/\/www.vvsupremo.com\/foodservice\/wp-content\/uploads\/2013\/11\/footer-logo.png","width":195,"height":133,"caption":"VVSupremo Food Service"},"image":{"@id":"https:\/\/www.vvsupremo.com\/foodservice\/#\/schema\/logo\/image\/"}}]}},"_links":{"self":[{"href":"https:\/\/www.vvsupremo.com\/foodservice\/wp-json\/wp\/v2\/pages\/2059","targetHints":{"allow":["GET"]}}],"collection":[{"href":"https:\/\/www.vvsupremo.com\/foodservice\/wp-json\/wp\/v2\/pages"}],"about":[{"href":"https:\/\/www.vvsupremo.com\/foodservice\/wp-json\/wp\/v2\/types\/page"}],"author":[{"embeddable":true,"href":"https:\/\/www.vvsupremo.com\/foodservice\/wp-json\/wp\/v2\/users\/6"}],"replies":[{"embeddable":true,"href":"https:\/\/www.vvsupremo.com\/foodservice\/wp-json\/wp\/v2\/comments?post=2059"}],"version-history":[{"count":1,"href":"https:\/\/www.vvsupremo.com\/foodservice\/wp-json\/wp\/v2\/pages\/2059\/revisions"}],"predecessor-version":[{"id":2642,"href":"https:\/\/www.vvsupremo.com\/foodservice\/wp-json\/wp\/v2\/pages\/2059\/revisions\/2642"}],"wp:attachment":[{"href":"https:\/\/www.vvsupremo.com\/foodservice\/wp-json\/wp\/v2\/media?parent=2059"}],"curies":[{"name":"wp","href":"https:\/\/api.w.org\/{rel}","templated":true}]}}